{"id":2577,"date":"2024-02-08T09:31:27","date_gmt":"2024-02-08T09:31:27","guid":{"rendered":"https:\/\/www.michalkozdroj.pl\/?page_id=2577"},"modified":"2024-02-08T16:05:51","modified_gmt":"2024-02-08T16:05:51","slug":"regulamin","status":"publish","type":"page","link":"https:\/\/www.michalkozdroj.pl\/index.php\/regulamin\/","title":{"rendered":"Regulamin"},"content":{"rendered":"\n<h3 class=\"wp-block-heading\"><strong>1. INFORMAJCE OG\u00d3LNE, DEFINICJE<\/strong><\/h3>\n\n\n\n<ul class=\"wp-block-list\">\n<li>Niniejszy Regulamin okre\u015bla zasady korzystania z serwisu internetowego edu.michalkozdroj.pl prowadzonego przez Micha\u0142a Kozdr\u00f3j, prowadz\u0105cego dzia\u0142alno\u015b\u0107 gospodarcz\u0105 z siedzib\u0105 w Razynie (Polska), 05-090, ul. Nowatorska 28, pos\u0142uguj\u0105cego si\u0119 NIP 7343239684, REGON 122396740, email: michal@kursocenydzialek.pl; michal@michalkozdroj.pl, kontakt@michalkozdroj.pl, tel. 785060300.<\/li>\n\n\n\n<li>U\u017cyte w niniejszym regulaminie okre\u015blenia maj\u0105 nast\u0119puj\u0105ce znaczenie:\n<ul class=\"wp-block-list\">\n<li><strong>Klient<\/strong>&nbsp;\u2013 osoba fizyczna posiadaj\u0105ca pe\u0142n\u0105 zdolno\u015b\u0107 do czynno\u015bci prawnych, osoba prawna lub jednostka organizacyjna nieposiadaj\u0105ca osobowo\u015bci prawnej, sk\u0142adaj\u0105ca Zam\u00f3wienia i dokonuj\u0105ca zakupu Produkt\u00f3w w Sklepie;<\/li>\n\n\n\n<li><strong>Produkt<\/strong>&nbsp;\u2013 produkty fizyczne (materialne), produkty elektroniczne (tre\u015bci cyfrowe) dost\u0119pne w Sklepie;<\/li>\n\n\n\n<li><strong>Regulamin<\/strong>&nbsp;\u2013 niniejszy regulamin, dost\u0119pny pod adresem https:\/\/kursocenydzialek.pl\/regulamin;<\/li>\n\n\n\n<li><strong>Sklep<\/strong>&nbsp;\u2013 serwis internetowy dost\u0119pny pod adresem edu.michalkozdroj.pl, za po\u015brednictwem kt\u00f3rego Klient sk\u0142ada Zam\u00f3wienia na zakup Produkt\u00f3w;<\/li>\n\n\n\n<li><strong>Umowa sprzeda\u017cy<\/strong>&nbsp;\u2013 umowa sprzeda\u017cy Produkt\u00f3w zawarta pomi\u0119dzy W\u0142a\u015bcicielem a Klientem z wykorzystaniem serwisu internetowego Sklepu;<\/li>\n\n\n\n<li><strong>W\u0142a\u015bciciel<\/strong>&nbsp;\u2013 Micha\u0142 Kozdr\u00f3j, prowadz\u0105cy dzia\u0142alno\u015b\u0107 gospodarcz\u0105 z siedzib\u0105 w Razynie (Polska), 05-090, ul. Nowatorska 28, pos\u0142uguj\u0105cego si\u0119 NIP 7343239684, REGON 122396740, email: michal@kursocenydzialek.pl, michal@michalkozdroj.pl, kontakt@michalkozdroj.pl, prowadz\u0105cy sprzeda\u017c za po\u015brednictwem Sklepu;<\/li>\n\n\n\n<li><strong>Zam\u00f3wienie<\/strong>&nbsp;\u2013 o\u015bwiadczenie woli Klienta zmierzaj\u0105ce do zawarcia Umowy sprzeda\u017cy, stanowi\u0105ce ofert\u0119 zawarcia umowy sprzeda\u017cy, okre\u015blaj\u0105ce w szczeg\u00f3lno\u015bci rodzaj i ilo\u015b\u0107 Produktu.<\/li>\n<\/ul>\n<\/li>\n\n\n\n<li>Materia\u0142y u\u017cyte do prezentacji produkt\u00f3w, tj.: zdj\u0119cia, opisy i inne s\u0105 cz\u0119\u015bci\u0105 Sklepu, stanowi\u0105 w\u0142asno\u015b\u0107 jego W\u0142a\u015bciciela i chronione s\u0105 prawami autorskimi. Zabrania si\u0119 ich u\u017cywania w celach handlowych lub prezentacji w jakichkolwiek mediach bez zgody W\u0142a\u015bciciela.<\/li>\n\n\n\n<li>Ceny znajduj\u0105ce si\u0119 przy Produktach wyra\u017cone s\u0105 w polskich z\u0142otych i podane s\u0105 w warto\u015bciach brutto wraz z podatkiem VAT.<\/li>\n<\/ul>\n\n\n\n<h3 class=\"wp-block-heading\"><strong>2. KORZYSTANIE ZE SKLEPU<\/strong><\/h3>\n\n\n\n<ol class=\"wp-block-list\">\n<li>W celu z\u0142o\u017cenia Zam\u00f3wienia na stronie internetowej Sklepu nale\u017cy dokona\u0107 wyboru Produkt\u00f3w, podejmuj\u0105c kolejne czynno\u015bci techniczne na podstawie wy\u015bwietlanych Klientowi komunikat\u00f3w i informacji zawartych na stronie internetowej Sklepu.<\/li>\n\n\n\n<li>Klient w celu zakupu Produkt\u00f3w zbiera je do tzw. koszyka.&nbsp;<strong>Koszyk to<\/strong>&nbsp;element Sklepu, gdzie Klient przenosi Produkty, kt\u00f3re zamierza zakupi\u0107. Klient w ka\u017cdej chwili mo\u017ce obejrze\u0107 zawarto\u015b\u0107 koszyka, doda\u0107 b\u0105d\u017a usun\u0105\u0107 Produkty, a tak\u017ce od razu przej\u015b\u0107 do procesu z\u0142o\u017cenia Zam\u00f3wienia.<\/li>\n\n\n\n<li>W toku procesu Zam\u00f3wienia Klient precyzuje szczeg\u00f3\u0142y Zam\u00f3wienia takie jak: adres dostawy, dane do faktury, spos\u00f3b dostawy, spos\u00f3b p\u0142atno\u015bci i inne.<\/li>\n\n\n\n<li>Klient w toku procesu Zam\u00f3wienia mo\u017ce dokona\u0107 rejestracji. Rejestracja mo\u017ce by\u0107 niezb\u0119dna do p\u00f3\u017aniejszego korzystania z Produkt\u00f3w elektronicznych.<\/li>\n\n\n\n<li>Rejestracja Klienta w Sklepie umo\u017cliwia zapami\u0119tanie w bazie danych Sklepu danych osobowych Klienta oraz historii jego Zam\u00f3wie\u0144, a tak\u017ce umo\u017cliwia dost\u0119p do Produkt\u00f3w elektronicznych.<\/li>\n\n\n\n<li>Klient jest odpowiedzialny za nieudost\u0119pnianie swojego has\u0142a osobom trzecim oraz ponosi wszelkie ewentualne konsekwencje finansowe i prawne takiego udost\u0119pnienia.<\/li>\n<\/ol>\n\n\n\n<h3 class=\"wp-block-heading\"><strong>3. Z\u0141O\u017bENIE ZAM\u00d3WIENIA<\/strong><\/h3>\n\n\n\n<ol class=\"wp-block-list\">\n<li>Zam\u00f3wienia na Produkty przyjmowane s\u0105 wy\u0142\u0105cznie drog\u0105 elektroniczn\u0105 poprzez z\u0142o\u017cenie Zam\u00f3wienia z wykorzystaniem serwisu internetowego Sklepu b\u0105d\u017a poprzez wiadomo\u015b\u0107 e-mail na adres michal@kursocenydzialek.pl, michal@michalkozdroj.pl, kontakt@michalkozdroj.pl.<\/li>\n\n\n\n<li>Warunkiem niezb\u0119dnym do z\u0142o\u017cenia Zam\u00f3wienia jest prawid\u0142owe wype\u0142nienie formularza Zam\u00f3wienia. Zam\u00f3wienie z b\u0142\u0119dnie wype\u0142nionym formularzem mo\u017ce nie zosta\u0107 zrealizowane.<\/li>\n\n\n\n<li>Wype\u0142niaj\u0105c formularz Klient ma obowi\u0105zek podania prawid\u0142owych danych osobowych, adresu e-mail, telefonu kontaktowego, dok\u0142adnego adresu zamieszkania oraz adresu dostawy (je\u017celi jest wymagany i r\u00f3\u017cny od adresu zamieszkania).<\/li>\n\n\n\n<li>Podany adres e-mail mog\u0105 zosta\u0107 wykorzystane w procesie realizacji zam\u00f3wienia oraz w innych celach (np. newsletter).<\/li>\n\n\n\n<li>Kupuj\u0105cy przed akceptacj\u0105 Zam\u00f3wienia zostanie poinformowany o:\n<ul class=\"wp-block-list\">\n<li>g\u0142\u00f3wnych cechach Produktu,<\/li>\n\n\n\n<li>\u0142\u0105cznej cenie lub wynagrodzeniu za Produkt wraz z podatkami, a tak\u017ce op\u0142atach za transport, dostarczenie, us\u0142ugi pocztowe oraz o innych kosztach,<\/li>\n\n\n\n<li>mo\u017cliwo\u015bci odst\u0105pienia od umowy.<\/li>\n<\/ul>\n<\/li>\n\n\n\n<li>Klient wyra\u017ca wol\u0119 zawarcia Umowy sprzeda\u017cy poprzez naci\u015bni\u0119cie przycisku \u201ezam\u00f3wienie z obowi\u0105zkiem zap\u0142aty\u201d lub r\u00f3wnowa\u017cnego.<\/li>\n\n\n\n<li>Z\u0142o\u017cenie zam\u00f3wienia nie jest r\u00f3wnowa\u017cne z zawarciem Umowy sprzeda\u017cy, lecz stanowi z\u0142o\u017cenie oferty zawarcia takiej umowy.<\/li>\n\n\n\n<li>Umowa sprzeda\u017cy zostaje zawarta w chwili przyj\u0119cia Zam\u00f3wienia do realizacji przez W\u0142a\u015bciciela, o czym Klient jest informowany poprzez wiadomo\u015b\u0107 e-mail potwierdzaj\u0105c\u0105 dokonanie zakupu.<\/li>\n\n\n\n<li>Realizacja zam\u00f3wienia rozpoczyna si\u0119 w chwili zaksi\u0119gowania przelewu na rachunku bankowym W\u0142a\u015bciciela b\u0105d\u017a przez innego operatora p\u0142atno\u015bci.<\/li>\n\n\n\n<li>W przypadku niedost\u0119pno\u015bci cz\u0119\u015bci Produkt\u00f3w obj\u0119tych zam\u00f3wieniem Klient zostanie poinformowany o stanie zam\u00f3wienia i podejmie decyzj\u0119 o sposobie jego realizacji (cz\u0119\u015bciowa realizacja lub anulowanie ca\u0142o\u015bci zam\u00f3wienia).<\/li>\n\n\n\n<li>Do sprzeda\u017cy promocyjnej oraz wyprzeda\u017cy przeznaczona jest ograniczona liczba Produkt\u00f3w. Realizacja zam\u00f3wie\u0144 nast\u0119puje wed\u0142ug kolejno\u015bci wp\u0142ywania potwierdzonych zam\u00f3wie\u0144 na te Produkty, a\u017c do wyczerpania si\u0119 zapas\u00f3w obj\u0119tych t\u0105 form\u0105 sprzeda\u017cy.<\/li>\n<\/ol>\n\n\n\n<h3 class=\"wp-block-heading\"><strong>4. CENY, P\u0141ATNO\u015aCI I DOSTAWA<\/strong><\/h3>\n\n\n\n<ol class=\"wp-block-list\">\n<li>Wszystkie ceny Produkt\u00f3w podawane s\u0105 w polskich z\u0142otych i zawieraj\u0105 podatek VAT. Cena podana przy ka\u017cdym Produkcie jest wi\u0105\u017c\u0105ca w chwili z\u0142o\u017cenia przez Klienta zam\u00f3wienia. W\u0142a\u015bciciel zastrzega sobie prawo do zmiany cen Produkt\u00f3w znajduj\u0105cych si\u0119 w Sklepie, wprowadzania nowych Produkt\u00f3w do Sklepu, przeprowadzania i odwo\u0142ywania akcji promocyjnych na stronach Sklepu, stosowania unikalnych kod\u00f3w promocyjnych dost\u0119pnych poza Sklepem. Uprawnienie powy\u017csze nie ma wp\u0142ywu na ceny Produkt\u00f3w w zam\u00f3wieniach z\u0142o\u017conych przed dat\u0105 wej\u015bcia w \u017cycie zmiany ceny lub akcji promocyjnych. Cena podana przy ka\u017cdym Produkcie jest wi\u0105\u017c\u0105ca w chwili z\u0142o\u017cenia zam\u00f3wienia.<\/li>\n\n\n\n<li>Do ka\u017cdego zakupu dokonanego przez Klienta do\u0142\u0105czany jest dow\u00f3d zakupu: paragon lub faktura VAT przesy\u0142any drog\u0105 elektroniczn\u0105. Na \u017c\u0105danie Klienta dow\u00f3d zakupu zostanie dor\u0119czony w wersji papierowej.<\/li>\n\n\n\n<li>Klient mo\u017ce dokona\u0107 p\u0142atno\u015bci za zakupione Produkty w nast\u0119puj\u0105cy spos\u00f3b:\n<ul class=\"wp-block-list\">\n<li>przelewem poprzez elektroniczny system Tpay<\/li>\n\n\n\n<li>przelewem poprzez elektroniczny system PayU<\/li>\n<\/ul>\n<\/li>\n\n\n\n<li>P\u0142atno\u015bci s\u0105 obs\u0142ugiwane przez:\n<ul class=\"wp-block-list\">\n<li>Tpay, czyli Krajowy Integrator P\u0142atno\u015bci S.A. z siedzib\u0105 w Poznaniu, plac Andersa 3, 61-894 Pozna\u0144, KRS 0000412357, NIP 7773061579, REGON 300878437, dzia\u0142aj\u0105c\u0105 pod mark\u0105 Tpay.com.<\/li>\n\n\n\n<li>PayU Sp\u00f3\u0142k\u0119 Akcyjn\u0105, KRS 0000274399, NIP 7792308495, REGON 300523444 \u2013 Grunwaldzka 182, Pozna\u0144 dzia\u0142aj\u0105c\u0105 pod mark\u0105 PayU.com.<\/li>\n<\/ul>\n<\/li>\n\n\n\n<li>Zam\u00f3wienia na produkty cyfrowe realizowane s\u0105 po otrzymaniu p\u0142atno\u015bci poprzez wysy\u0142k\u0119 Produktu lub instrukcji skorzystania z Produktu w wiadomo\u015bci e\u2011mail. Wysy\u0142ka Produktu nast\u0119puje niezw\u0142ocznie po otrzymaniu p\u0142atno\u015bci, do 24 godzin od chwili otrzymania p\u0142atno\u015bci.<\/li>\n\n\n\n<li>Dostawa Produkt\u00f3w fizycznych nast\u0119puje w spos\u00f3b wybrany przez Klienta w toku sk\u0142adania Zam\u00f3wienia. Koszt dostarczenia przesy\u0142ki podawany jest Klientowi po dokonaniu wyboru Produkt\u00f3w oraz po dokonaniu wyboru sposobu zap\u0142aty.<\/li>\n\n\n\n<li>Wysy\u0142ka Produkt\u00f3w fizycznych nast\u0119puje niezw\u0142ocznie po otrzymaniu p\u0142atno\u015bci, nie p\u00f3\u017aniej ni\u017c w terminie do 10 dni roboczych po otrzymaniu p\u0142atno\u015bci. Do czasu dostawy Produkt\u00f3w fizycznych nale\u017cy doliczy\u0107 czas realizacji dostawy przez podmiot \u015bwiadcz\u0105cy us\u0142ugi dostawy. Czas dostawy, jej koszt oraz podmiot \u015bwiadcz\u0105cy us\u0142ugi dostawy zostanie podany w toku sk\u0142adania Zam\u00f3wienia.<\/li>\n\n\n\n<li>Dostawa Produkt\u00f3w fizycznych odbywa si\u0119 wy\u0142\u0105cznie na terenie Polski.<\/li>\n<\/ol>\n\n\n\n<h3 class=\"wp-block-heading\"><strong>5. PRAWO ODST\u0104PIENIA OD UMOWY<\/strong><\/h3>\n\n\n\n<ol class=\"wp-block-list\">\n<li>Klient mo\u017ce zrezygnowa\u0107 w drodze odst\u0105pienia od Umowy sprzeda\u017cy z Produktu kupionego w Sklepie bez podania przyczyny w ci\u0105gu 30 dni od daty jego otrzymania. Do zachowania tego terminu wystarczy wys\u0142anie o\u015bwiadczenia o odst\u0105pieniu na adres siedziby Sklepu lub na adres e-mail podany w Regulaminie.<\/li>\n\n\n\n<li>W przypadku odst\u0105pienia od Umowy sprzeda\u017cy zawartej na odleg\u0142o\u015b\u0107, umowa jest uwa\u017cana za niezawart\u0105.<\/li>\n\n\n\n<li>W razie odst\u0105pienia od zawartej Umowy sprzeda\u017cy dotycz\u0105cej Produktu fizycznego Klient zobowi\u0105zany jest zwr\u00f3ci\u0107 Produkt najp\u00f3\u017aniej w terminie 14 dni od dnia, w kt\u00f3rym od umowy odst\u0105pi\u0142.<\/li>\n\n\n\n<li>W\u0142a\u015bciciel gwarantuje zwrot ceny i koszt\u00f3w uiszczonych przez Klienta, w tym koszt\u00f3w dostarczenia sprzedanych Produkt\u00f3w Klientowi.<\/li>\n\n\n\n<li>Klient ponosi odpowiedzialno\u015b\u0107 za zmniejszenie warto\u015bci rzeczy b\u0119d\u0105ce wynikiem korzystania z niej w spos\u00f3b wykraczaj\u0105cy poza konieczny do stwierdzenia charakteru, cech i funkcjonowania rzeczy.<\/li>\n\n\n\n<li>Wszelkie zwroty nale\u017cno\u015bci b\u0119d\u0105 regulowane przez W\u0142a\u015bciciela nie p\u00f3\u017aniej ni\u017c w terminie 14 dni od otrzymania o\u015bwiadczenia o odst\u0105pieniu od umowy, za pomoc\u0105 takiego samego sposobu zap\u0142aty, jakiego u\u017cy\u0142 Klient, chyba \u017ce Klient wyrazi\u0142 zgod\u0119 na inny spos\u00f3b zwrotu. Zwrot nale\u017cno\u015bci nie jest zwi\u0105zany z dodatkowymi kosztami. W\u0142a\u015bciciel mo\u017ce wstrzyma\u0107 si\u0119 ze zwrotem nale\u017cno\u015bci otrzymanych przez Klienta do chwili otrzymania Produktu z powrotem lub dostarczenia przez konsumenta dowodu jego odes\u0142ania, w zale\u017cno\u015bci od tego, co nast\u0105pi wcze\u015bniej.<\/li>\n\n\n\n<li>Prawo do odst\u0105pienia od umowy przys\u0142uguje r\u00f3wnie\u017c Klientom nabywaj\u0105cym produkty cyfrowe.<\/li>\n<\/ol>\n\n\n\n<h3 class=\"wp-block-heading\"><strong>6. ODPOWIEDZIALNO\u015a\u0106 ZA WADY<\/strong><\/h3>\n\n\n\n<ol class=\"wp-block-list\">\n<li>W\u0142a\u015bciciel ma obowi\u0105zek dostarczenia Produktu wolnego od wad.<\/li>\n\n\n\n<li>Je\u017celi otrzymany Produkt jest wadliwy, Klient mo\u017ce skorzysta\u0107, wed\u0142ug swojego wyboru, z uprawnie\u0144 gwarancyjnych, bezpo\u015brednio u gwaranta (producenta lub dystrybutora), o ile ten udzieli\u0142 gwarancji na Produkt lub uprawnie\u0144 przys\u0142uguj\u0105cych mu z tytu\u0142u r\u0119kojmi za wady wobec W\u0142a\u015bciciela, na warunkach okre\u015blonych w Kodeksie cywilnym.<\/li>\n\n\n\n<li>W przypadku ujawnienia si\u0119 wady Produktu Klientowi przys\u0142uguje prawo do z\u0142o\u017cenia reklamacji. Uprawnienie przys\u0142uguje w ci\u0105gu dw\u00f3ch lat od daty dor\u0119czenia Produktu.<\/li>\n\n\n\n<li>Wraz z reklamowanym Produktem nale\u017cy z\u0142o\u017cy\u0107 reklamacj\u0119 okre\u015blaj\u0105cym charakter wady oraz zawieraj\u0105cym \u017c\u0105danie usuni\u0119cia wady.<\/li>\n\n\n\n<li>W\u0142a\u015bciciel ustosunkuje si\u0119 do \u017c\u0105dania Klienta niezw\u0142ocznie, nie p\u00f3\u017aniej ni\u017c w terminie 14 dni, licz\u0105c od dnia otrzymania od Klienta reklamowanego produktu wraz z pismem reklamacyjnym.<\/li>\n\n\n\n<li>O wyniku reklamacji Klient zostanie poinformowany w taki sam spos\u00f3b, w jaki przes\u0142a\u0142 reklamacj\u0119.<\/li>\n\n\n\n<li>Je\u017celi \u017c\u0105danie Klienta b\u0119dzie zasadne, W\u0142a\u015bciciel ponosi wszelkie koszty zwi\u0105zane z dostaw\u0105 naprawionego lub nowego produktu pozbawionego wad do Klienta.<\/li>\n\n\n\n<li>W przypadku uznania reklamacji Produkt uszkodzony zostanie naprawiony lub wymieniony na inny, pe\u0142nowarto\u015bciowy. Je\u017celi nie b\u0119dzie to mo\u017cliwe (na przyk\u0142ad z powodu wyczerpania zapas\u00f3w), Sklep zwr\u00f3ci r\u00f3wnowarto\u015b\u0107 ceny Produktu lub obni\u017cy cen\u0119.<\/li>\n<\/ol>\n\n\n\n<h3 class=\"wp-block-heading\"><strong>7. WYMAGANIA TECHNICZNE, FUNKCJONALNO\u015a\u0106 I INTEROPERACYJNO\u015a\u0106 TRE\u015aCI CYFROWYCH, \u015aWIADCZENIE US\u0141UG DROG\u0104 ELEKTRONICZN\u0104<\/strong><\/h3>\n\n\n\n<ol class=\"wp-block-list\">\n<li>W\u0142a\u015bciciel \u015bwiadczy na rzecz Klienta us\u0142ug\u0119 drog\u0105 elektroniczn\u0105 polegaj\u0105c\u0105 na umo\u017cliwieniu zawarcia umowy o dostarczenie Produkt\u00f3w elektronicznych oraz fizycznych oraz korzystania z niekt\u00f3rych Produkt\u00f3w elektronicznych.<\/li>\n\n\n\n<li>Do zawarcia umowy sprzeda\u017cy nie jest konieczne posiadanie konta w Sklepie.<\/li>\n\n\n\n<li>\u015awiadczenie us\u0142ugi dost\u0119pu do funkcjonalno\u015bci Sklepu nast\u0119puje nieodp\u0142atnie. Nabycie Produkt\u00f3w dost\u0119pnych w Sklepie nast\u0119puje odp\u0142atnie.<\/li>\n\n\n\n<li>Do z\u0142o\u017cenia zam\u00f3wienia i skorzystania z funkcjonalno\u015bci Sklepu, a tak\u017ce do skorzystania z Produkt\u00f3w elektronicznych, konieczne jest:\n<ul class=\"wp-block-list\">\n<li>posiadanie aktywnego konta poczty elektronicznej (do dokonywania zakup\u00f3w w Sklepie),<\/li>\n\n\n\n<li>przegl\u0105darka internetowa uwzgl\u0119dniaj\u0105ca bie\u017c\u0105ce aktualizacje, z w\u0142\u0105czon\u0105 obs\u0142ug\u0105 j\u0119zyka JavaScript,<\/li>\n\n\n\n<li>w\u0142\u0105czona obs\u0142uga cookies w przegl\u0105darce,<\/li>\n\n\n\n<li>dost\u0119p do Internetu,<\/li>\n\n\n\n<li>zainstalowanie aplikacji umo\u017cliwiaj\u0105cych odczytywanie plik\u00f3w PDF,<\/li>\n\n\n\n<li>mo\u017cliwo\u015b\u0107 odtwarzania materia\u0142\u00f3w wideo (do korzystania z niekt\u00f3rych Produkt\u00f3w elektronicznych).<\/li>\n<\/ul>\n<\/li>\n\n\n\n<li>Sklep wykorzystuje pliki cookies w celu zabezpieczenia bezpiecze\u0144stwa i wysokiego poziomu obs\u0142ugi Klient\u00f3w. Klient mo\u017ce w ka\u017cdej chwili samodzielnie zmieni\u0107 ustawienia dotycz\u0105ce plik\u00f3w cookies \u2013 okre\u015bli\u0107 warunki ich przechowywania i uzyskiwania dost\u0119pu przez pliki cookies do swojego urz\u0105dzenia za pomoc\u0105 ustawie\u0144 przegl\u0105darki internetowej lub za pomoc\u0105 konfiguracji us\u0142ugi.<\/li>\n\n\n\n<li>Klient ma prawo z\u0142o\u017cy\u0107 reklamacj\u0119 dotycz\u0105c\u0105 funkcjonowania Sklepu, wysy\u0142aj\u0105c wiadomo\u015b\u0107 e\u2011mail pod adres kontakt@michalkozdroj.pl lub listownie na adres W\u0142a\u015bciciela.<\/li>\n\n\n\n<li>Odpowied\u017a na reklamacj\u0119 zostanie wys\u0142ana w terminie 14 dni od jej otrzymania na adres wskazany w reklamacji.<\/li>\n<\/ol>\n\n\n\n<h3 class=\"wp-block-heading\"><strong>8. DANE OSOBOWE I PLIKI COOKIES<\/strong><\/h3>\n\n\n\n<ol class=\"wp-block-list\">\n<li>Dane osobowe s\u0105 zbierane i przetwarzane w celu realizacji umowy sprzeda\u017cy oraz zapewnienia dost\u0119pu do Produkt\u00f3w elektronicznych.<\/li>\n\n\n\n<li>W\u0142a\u015bciciel Sklepu wydaje newsletter, w kt\u00f3rym zamieszczane s\u0105 m.in. informacje na temat oferty i nowych Produkt\u00f3w. Klient mo\u017ce w dowolnym momencie zrezygnowa\u0107 z otrzymywania newslettera.<\/li>\n\n\n\n<li>Podanie danych osobowych przez Klienta jest dobrowolne, jednak brak zgody na ich przetwarzanie w celu, o kt\u00f3rym mowa w ust. 1, uniemo\u017cliwi zrealizowanie Zam\u00f3wienia. Dane osobowe s\u0105 chronione zgodnie z obowi\u0105zuj\u0105cymi przepisami prawa.<\/li>\n\n\n\n<li>Szczeg\u00f3\u0142owe zasady przetwarzania danych osobowych oraz wykorzystania plik\u00f3w cookies opisane s\u0105 w&nbsp;<a href=\"https:\/\/kursocenydzialek.pl\/politykaprywatnosci\/\">Polityce Prywatno\u015bci<\/a>.<\/li>\n<\/ol>\n\n\n\n<h3 class=\"wp-block-heading\"><strong>9. PRAWA AUTORSKIE<\/strong><\/h3>\n\n\n\n<ol class=\"wp-block-list\">\n<li>Tre\u015bci cyfrowe dost\u0119pne na Stronie internetowej, a w szczeg\u00f3lno\u015bci materia\u0142y wchodz\u0105ce w sk\u0142ad Produkt\u00f3w cyfrowych i Us\u0142ug cyfrowych, s\u0105 utworami i s\u0105 obj\u0119te ochron\u0105 prawa autorskiego, a prawa te przys\u0142uguj\u0105 Sprzedawcy lub osobom z nim wsp\u00f3\u0142pracuj\u0105cym, a kt\u00f3re udzieli\u0142y Sprzedawcy odpowiednich licencji.<\/li>\n\n\n\n<li>Klient mo\u017ce korzysta\u0107 z zakupionych Produkt\u00f3w cyfrowych oraz innych tre\u015bci dost\u0119pnych na Stronie internetowej na zasadzie dozwolonego u\u017cytku prywatnego. To oznacza, \u017ce Klient oraz u\u017cytkownicy Strony internetowej mog\u0105 z nich korzysta\u0107 tylko i wy\u0142\u0105cznie na w\u0142asne potrzeby, w tym tak\u017ce prowadzonej przez siebie dzia\u0142alno\u015bci gospodarczej, z zastrze\u017ceniem, \u017ce nabywca nie jest uprawniony do udost\u0119pniania ich osobom trzecim jako w\u0142asnego produktu lub us\u0142ugi (odp\u0142atnie lub nieodp\u0142atnie).<\/li>\n\n\n\n<li>Klient zainteresowany szerszym wykorzystaniem ww. tre\u015bci oraz zakupionych Produkt\u00f3w lub Us\u0142ug powinien skontaktowa\u0107 si\u0119 ze Sprzedawc\u0105 i podj\u0105\u0107 indywidualne negocjacje.<\/li>\n\n\n\n<li>Nieuprawnione rozpowszechnianie ww. tre\u015bci skutkowa\u0107 mo\u017ce odpowiedzialno\u015bci\u0105 cywiln\u0105 i karn\u0105.<\/li>\n<\/ol>\n\n\n\n<h3 class=\"wp-block-heading\"><strong>10. OG\u00d3LNE WARUNKI KORZYSTANIA ZE SKLEPU<\/strong><\/h3>\n\n\n\n<ol class=\"wp-block-list\">\n<li>W przypadku umo\u017cliwienia Klientom zapoznania si\u0119 z opiniami innych Klient\u00f3w na stronie Sklepu, W\u0142a\u015bciciel podejmuje uzasadnione i proporcjonalne kroki, kt\u00f3re pozwol\u0105 na zweryfikowanie czy opinie s\u0105 rzetelne i zamieszczone przez osoby, kt\u00f3re rzeczywi\u015bcie korzysta\u0142y z Produktu.<\/li>\n\n\n\n<li>W przypadku zaprzestania prowadzenia przez W\u0142a\u015bciciela dzia\u0142alno\u015bci gospodarczej, umo\u017cliwi on w terminie nie kr\u00f3tszym ni\u017c 30 dni od og\u0142oszenia tego faktu przez W\u0142a\u015bciciela, pobranie materia\u0142\u00f3w wideo sk\u0142adaj\u0105cych si\u0119 na op\u0142acon\u0105 Tre\u015b\u0107 cyfrow\u0105. Klient b\u0119dzie w takim przypadku zobowi\u0105zany zapewni\u0107 sobie przy\u0142\u0105cze do publicznej sieci telekomunikacyjnej, urz\u0105dzenie oraz niezb\u0119dn\u0105 ilo\u015b\u0107 pami\u0119ci masowej do pobrania tak udost\u0119pnionych tre\u015bci.<\/li>\n<\/ol>\n\n\n\n<h3 class=\"wp-block-heading\"><strong>11. POSTANOWIENIA KO\u0143COWE<\/strong><\/h3>\n\n\n\n<ol class=\"wp-block-list\">\n<li>W celu unikni\u0119cia w\u0105tpliwo\u015bci stwierdza si\u0119, \u017ce \u017cadne z postanowie\u0144 niniejszego regulaminu nie ogranicza uprawnie\u0144 konsumenta, jakie przys\u0142uguj\u0105 mu na podstawie przepis\u00f3w obowi\u0105zuj\u0105cego na terytorium Rzeczypospolitej Polskiej prawa. W przypadku stwierdzenia istnienia postanowienia o takim charakterze zastosowanie znajduj\u0105 przepisy obowi\u0105zuj\u0105cego na terytorium Rzeczypospolitej Polskiej prawa, a w szczeg\u00f3lno\u015bci Kodeksu cywilnego oraz ustawy o prawach konsumenta.<\/li>\n\n\n\n<li>W\u0142a\u015bciciel wskazuje, \u017ce wszelkie Produkty dost\u0119pne w Sklepie chronione s\u0105 prawem autorskim. Dalsze rozpowszechnianie Produkt\u00f3w bez zgody ich tw\u00f3rcy stanowi naruszenie praw autorskich i mo\u017ce skutkowa\u0107 odpowiedzialno\u015bci\u0105 cywiln\u0105 i karn\u0105.<\/li>\n\n\n\n<li>Rozstrzygni\u0119cie ewentualnych spor\u00f3w powsta\u0142ych mi\u0119dzy W\u0142a\u015bcicielem a Klientem, kt\u00f3ry jest konsumentem, zostaje poddane s\u0105dom w\u0142a\u015bciwym zgodnie z postanowieniami w\u0142a\u015bciwych przepis\u00f3w Kodeksu post\u0119powania cywilnego, przy czym W\u0142a\u015bciciel dopuszcza drog\u0119 post\u0119powania mediacyjnego. Konsument uprawniony jest do zwr\u00f3cenia si\u0119 do sta\u0142ego polubownego s\u0105du konsumenckiego dzia\u0142aj\u0105cego przy Inspekcji Handlowej lub do wojew\u00f3dzkiego inspektora Inspekcji Handlowej, a tak\u017ce mo\u017ce uzyska\u0107 bezp\u0142atn\u0105 pomoc w sprawie rozstrzygni\u0119cia sporu mi\u0119dzy Klientem b\u0119d\u0105cym konsumentem a W\u0142a\u015bcicielem, korzystaj\u0105c z bezp\u0142atnej pomocy powiatowego (miejskiego) rzecznika konsument\u00f3w.<\/li>\n\n\n\n<li>Konsument mo\u017ce r\u00f3wnie\u017c skorzysta\u0107 z platformy ODR, kt\u00f3ra dost\u0119pna jest pod adresem&nbsp;<a href=\"http:\/\/ec.europa.eu\/consumers\/odr\">http:\/\/ec.europa.eu\/consumers\/odr<\/a>. Platforma s\u0142u\u017cy rozstrzyganiu spor\u00f3w pomi\u0119dzy konsumentami i przedsi\u0119biorcami d\u0105\u017c\u0105cymi do pozas\u0105dowego rozstrzygni\u0119cia sporu dotycz\u0105cego zobowi\u0105za\u0144 umownych wynikaj\u0105cych z internetowej umowy sprzeda\u017cy lub umowy o \u015bwiadczenie us\u0142ug.<\/li>\n\n\n\n<li>Rozstrzygni\u0119cie ewentualnych spor\u00f3w powsta\u0142ych mi\u0119dzy W\u0142a\u015bcicielem a Klientem, kt\u00f3ry nie jest konsumentem, zostaje poddane s\u0105dowi w\u0142a\u015bciwemu ze wzgl\u0119du na siedzib\u0119 Sklepu.<\/li>\n\n\n\n<li>W\u0142a\u015bciciel zastrzega sobie prawo do zmiany Regulaminu. Wszelkie zmiany Regulaminu wchodz\u0105 w \u017cycie w terminie wskazanym przez Sklep. Zam\u00f3wienia z\u0142o\u017cone przed dat\u0105 wej\u015bcia w \u017cycie zmian do niniejszego Regulaminu s\u0105 realizowane na podstawie postanowie\u0144 obowi\u0105zuj\u0105cych w dniu z\u0142o\u017cenia zam\u00f3wienia.<\/li>\n<\/ol>\n","protected":false},"excerpt":{"rendered":"<p>1. INFORMAJCE OG\u00d3LNE, DEFINICJE 2. KORZYSTANIE ZE SKLEPU 3. Z\u0141O\u017bENIE ZAM\u00d3WIENIA 4. CENY, P\u0141ATNO\u015aCI I DOSTAWA 5. PRAWO ODST\u0104PIENIA OD UMOWY 6. ODPOWIEDZIALNO\u015a\u0106 ZA WADY 7. WYMAGANIA TECHNICZNE, FUNKCJONALNO\u015a\u0106 I&hellip;<\/p>\n","protected":false},"author":1,"featured_media":0,"parent":0,"menu_order":0,"comment_status":"closed","ping_status":"closed","template":"","meta":{"om_disable_all_campaigns":false,"_monsterinsights_skip_tracking":false,"_monsterinsights_sitenote_active":false,"_monsterinsights_sitenote_note":"","_monsterinsights_sitenote_category":0,"footnotes":""},"class_list":["post-2577","page","type-page","status-publish","hentry"],"aioseo_notices":[],"_links":{"self":[{"href":"https:\/\/www.michalkozdroj.pl\/index.php\/wp-json\/wp\/v2\/pages\/2577","targetHints":{"allow":["GET"]}}],"collection":[{"href":"https:\/\/www.michalkozdroj.pl\/index.php\/wp-json\/wp\/v2\/pages"}],"about":[{"href":"https:\/\/www.michalkozdroj.pl\/index.php\/wp-json\/wp\/v2\/types\/page"}],"author":[{"embeddable":true,"href":"https:\/\/www.michalkozdroj.pl\/index.php\/wp-json\/wp\/v2\/users\/1"}],"replies":[{"embeddable":true,"href":"https:\/\/www.michalkozdroj.pl\/index.php\/wp-json\/wp\/v2\/comments?post=2577"}],"version-history":[{"count":9,"href":"https:\/\/www.michalkozdroj.pl\/index.php\/wp-json\/wp\/v2\/pages\/2577\/revisions"}],"predecessor-version":[{"id":2586,"href":"https:\/\/www.michalkozdroj.pl\/index.php\/wp-json\/wp\/v2\/pages\/2577\/revisions\/2586"}],"wp:attachment":[{"href":"https:\/\/www.michalkozdroj.pl\/index.php\/wp-json\/wp\/v2\/media?parent=2577"}],"curies":[{"name":"wp","href":"https:\/\/api.w.org\/{rel}","templated":true}]}}